{"id":839,"date":"2026-02-03T09:52:22","date_gmt":"2026-02-03T09:52:22","guid":{"rendered":"https:\/\/vivo.hr\/?page_id=839"},"modified":"2026-02-03T09:57:29","modified_gmt":"2026-02-03T09:57:29","slug":"projekt-je-sufinancirala-europska-unija","status":"publish","type":"page","link":"https:\/\/vivo.hr\/en\/projekt-je-sufinancirala-europska-unija\/","title":{"rendered":"The project was co-financed by the European Union."},"content":{"rendered":"<p style=\"padding-top:15px;padding-right:15px;padding-bottom:15px;padding-left:15px\">PROJECT NAME: Increasing the international competitiveness of VIVO&#039;s business<br>NATURA doo by reaching applicable levels of internationally recognized norms and standards<\/p>\n\n\n\n<p style=\"padding-top:15px;padding-right:15px;padding-bottom:15px;padding-left:15px\">PROJECT DESCRIPTION: The project is focused on the implementation of a quality management system,<br>information security and certification of key products to increase<br>international competitiveness of companies.<\/p>\n\n\n\n<p style=\"padding-top:15px;padding-right:15px;padding-bottom:15px;padding-left:15px\">TOTAL PROJECT VALUE \u2013 \u20ac69,934.50<br>TOTAL VALUE OF ELIGIBLE COSTS \u2013 \u20ac55,221.99<br>GRANTS \u2013 \u20ac41,416.49<br>PRIVATE CONTRIBUTION \u2013 \u20ac14,712.51<\/p>\n\n\n\n<p style=\"padding-top:15px;padding-right:15px;padding-bottom:15px;padding-left:15px\">Project period: 01.06.2025. \u2013 01.12.2026.<br>Project reference number: PK.1.3.04.0639<\/p>\n\n\n\n<p style=\"padding-top:15px;padding-right:15px;padding-bottom:15px;padding-left:15px\">PROJECT OBJECTIVE AND EXPECTED RESULTS: The main objective of the project is to harmonize with<br>internationally recognized standards, including IFS Food, ISO 9001:2015 and ISO\/IEC<br>27001:2022, which will ensure customer trust, increase security and quality<br>business and facilitate access to international markets. Expected results:<br>\u2013 Increasing the trust of merchants and customers:<br>\u2013 Product quality assurance:<br>\u2013 Compliance with international markets:<br>\u2013 Risk reduction<\/p>\n\n\n\n<p style=\"padding-top:15px;padding-right:15px;padding-bottom:15px;padding-left:15px\">\u201e&quot;The project was co-financed by the European Union&quot;\u201c<br>CONTACT FOR MORE INFORMATION:<br>Phone: +38598355716<br>email: info@vivo.hr<br>More information can be found at https:\/\/eufondovi.gov.hr\/<\/p>","protected":false},"excerpt":{"rendered":"<p>NAZIV PROJEKTA: Pove\u0107anje me\u0111unarodne konkurentnosti poslovanja dru\u0161tva VIVONATURA d.o.o. dostizanjem primjenjivih razina me\u0111unarodno priznatih normi i standarda OPIS PROJEKTA: Projekt je usmjeren je na implementaciju sustava upravljanja kvalitetom,informacijskom sigurno\u0161\u0107u te certifikaciju klju\u010dnih proizvoda kako bi se pove\u0107alame\u0111unarodna konkurentnost poduze\u0107a. UKUPNA VRIJEDNOST PROJEKTA \u2013 69.934,50 \u20acUKUPNA VRIJEDNOST PRIHVATLJIVIH TRO\u0160KOVA \u2013 55.221,99 \u20acBESPOVRATNA SREDSTVA \u2013 41.416,49 \u20acPRIVATNI [&hellip;]<\/p>","protected":false},"author":1,"featured_media":0,"parent":0,"menu_order":0,"comment_status":"closed","ping_status":"closed","template":"","meta":{"footnotes":""},"class_list":["post-839","page","type-page","status-publish","hentry"],"_links":{"self":[{"href":"https:\/\/vivo.hr\/en\/wp-json\/wp\/v2\/pages\/839","targetHints":{"allow":["GET"]}}],"collection":[{"href":"https:\/\/vivo.hr\/en\/wp-json\/wp\/v2\/pages"}],"about":[{"href":"https:\/\/vivo.hr\/en\/wp-json\/wp\/v2\/types\/page"}],"author":[{"embeddable":true,"href":"https:\/\/vivo.hr\/en\/wp-json\/wp\/v2\/users\/1"}],"replies":[{"embeddable":true,"href":"https:\/\/vivo.hr\/en\/wp-json\/wp\/v2\/comments?post=839"}],"version-history":[{"count":3,"href":"https:\/\/vivo.hr\/en\/wp-json\/wp\/v2\/pages\/839\/revisions"}],"predecessor-version":[{"id":845,"href":"https:\/\/vivo.hr\/en\/wp-json\/wp\/v2\/pages\/839\/revisions\/845"}],"wp:attachment":[{"href":"https:\/\/vivo.hr\/en\/wp-json\/wp\/v2\/media?parent=839"}],"curies":[{"name":"wp","href":"https:\/\/api.w.org\/{rel}","templated":true}]}}