{"id":3,"date":"2026-01-22T09:14:39","date_gmt":"2026-01-22T09:14:39","guid":{"rendered":"https:\/\/vivo.hr\/?page_id=3"},"modified":"2026-02-03T09:17:40","modified_gmt":"2026-02-03T09:17:40","slug":"politika-privatnosti","status":"publish","type":"page","link":"https:\/\/vivo.hr\/en\/politika-privatnosti\/","title":{"rendered":"Privacy Policy"},"content":{"rendered":"<div data-elementor-type=\"wp-page\" data-elementor-id=\"3\" class=\"elementor elementor-3\" data-elementor-post-type=\"page\">\n\t\t\t\t<div class=\"elementor-element elementor-element-8554a20 e-flex e-con-boxed e-con e-parent\" data-id=\"8554a20\" data-element_type=\"container\" data-settings=\"{&quot;background_background&quot;:&quot;classic&quot;}\">\n\t\t\t\t\t<div class=\"e-con-inner\">\n\t\t\t\t\t<\/div>\n\t\t\t\t<\/div>\n\t\t<div class=\"elementor-element elementor-element-843aab2 e-flex e-con-boxed e-con e-parent\" data-id=\"843aab2\" data-element_type=\"container\">\n\t\t\t\t\t<div class=\"e-con-inner\">\n\t\t\t\t<div class=\"elementor-element elementor-element-c7878ca elementor-widget elementor-widget-text-editor\" data-id=\"c7878ca\" data-element_type=\"widget\" data-widget_type=\"text-editor.default\">\n\t\t\t\t\t\t\t\t\t<figure class=\"wp-block-image size-large\"><\/figure>\n<p><!-- \/wp:image --><!-- wp:paragraph {\"style\":{\"spacing\":{\"padding\":{\"top\":\"113\",\"right\":\"113\",\"bottom\":\"113\",\"left\":\"113\"}}}} --><\/p>\n<h3 data-path-to-node=\"2\">PRIVACY POLICY AND TERMS OF USE<\/h3>\n<p data-path-to-node=\"3\">Here you will find the terms of use and privacy policy that apply when you use our website at <b data-path-to-node=\"3\" data-index-in-node=\"115\">www.vivo.hr<\/b>. Please read the terms carefully before using our site. By using the site, you acknowledge that you agree to abide by these rules.<\/p>\n<h3 data-path-to-node=\"4\">1. Data about the Controller<\/h3>\n<p data-path-to-node=\"5\"><b data-path-to-node=\"5\" data-index-in-node=\"0\">Vivo grupa<\/b>, [Loza I br.10 10431 Brezje (Sv.Nedelja)], OIB: [ 74934877921], MBS: [080838065], registered with the Commercial Court in Zagreb. Person authorized to represent: Luka Vrbanek.\u00a0<\/p>\n<p data-path-to-node=\"6\">We respect your privacy and are committed to protecting your data in accordance with Regulation (EU) 2016\/679 (GDPR) and applicable Croatian regulations.<\/p>\n<h3 data-path-to-node=\"7\">2. Terms of use and age of majority<\/h3>\n<p data-path-to-node=\"8\">A user or customer can only be <b data-path-to-node=\"8\" data-index-in-node=\"34\">adult<\/b> and a legally capable natural person, and a legal entity. Vivo Grupa doo does not bear any responsibility for any action contrary to this provision. By accessing the site via the \u201cAge Gate\u201d system, the user confirms under material and criminal liability that he is of legal age.<\/p>\n<h3 data-path-to-node=\"9\">3. What data do we collect?<\/h3>\n<p data-path-to-node=\"10\">In general, you can visit our website without disclosing any personal information. We do not collect personal information about you (such as your name and contact details) unless you voluntarily submit the information via a contact form or directly to our email address.<\/p>\n<h3 data-path-to-node=\"11\">4. Information that is automatically collected (Google Analytics)<\/h3>\n<p data-path-to-node=\"12\">Google collects information through our use of Google Analytics. Google uses this information, including IP addresses and data from cookies, for the purpose of analyzing traffic. The information is shared with Google on an anonymous basis. You can opt out of Google Analytics by installing the plugin: <a class=\"ng-star-inserted\" href=\"https:\/\/tools.google.com\/dlpage\/gaoptout\" target=\"_blank\" rel=\"noopener\" data-hveid=\"0\" data-ved=\"0CAAQ_4QMahgKEwiYjLvsvruSAxUAAAAAHQAAAAAQzgE\">https:\/\/tools.google.com\/dlpage\/gaoptout<\/a>.<\/p>\n<h3 data-path-to-node=\"13\">5. Cookies Policy<\/h3>\n<p data-path-to-node=\"14\">This website uses cookies to improve your experience.<\/p>\n<ul data-path-to-node=\"15\">\n<li>\n<p data-path-to-node=\"15,0,0\"><b data-path-to-node=\"15,0,0\" data-index-in-node=\"0\">Session cookies:<\/b> Temporary cookies that expire after you leave the site.<\/p>\n<\/li>\n<li>\n<p data-path-to-node=\"15,1,0\"><b data-path-to-node=\"15,1,0\" data-index-in-node=\"0\">First-party cookies:<\/b> They are used for the proper operation of the site and to remember your preferences.<\/p>\n<\/li>\n<li>\n<p data-path-to-node=\"15,2,0\"><b data-path-to-node=\"15,2,0\" data-index-in-node=\"0\">Third-party cookies:<\/b> Set by external services such as Google Analytics or social networks. Vivo Grupa doo does not have direct control over these cookies. You can find out more about cookie control at: <a class=\"ng-star-inserted\" href=\"http:\/\/www.youronlinechoices.eu\/\" target=\"_blank\" rel=\"noopener\" data-hveid=\"0\" data-ved=\"0CAAQ_4QMahgKEwiYjLvsvruSAxUAAAAAHQAAAAAQzwE\">http:\/\/www.youronlinechoices.eu\/<\/a>.<\/p>\n<\/li>\n<\/ul>\n<h3 data-path-to-node=\"16\">6. User rights and complaints<\/h3>\n<p data-path-to-node=\"17\">You have the right to access, correct, delete data and withdraw consent at any time. Please send your requests to the following e-mail address: <b data-path-to-node=\"17\" data-index-in-node=\"127\">[Your email, e.g. info@vivo.hr]<\/b>.<\/p>\n<p data-path-to-node=\"18\"><b data-path-to-node=\"18\" data-index-in-node=\"0\">Consumer complaint:<\/b> In accordance with Article 10 of the Consumer Protection Act, you can send a written complaint about our services to the above e-mail address or by post to our headquarters. We will respond within 15 days.<\/p>\n<h3 data-path-to-node=\"19\">7. Disclaimer<\/h3>\n<p data-path-to-node=\"20\">Vivo grupa doo strives to ensure the accuracy of the information, but does not accept legal responsibility for any errors. The information on the site is of a general nature and does not constitute professional or legal advice. The content on the Internet may not be identical to officially adopted texts; only the text published in the Official Gazette is authentic.<\/p>\n<p><!-- \/wp:paragraph --><!-- wp:paragraph --><!-- \/wp:paragraph --><!-- wp:paragraph --><!-- \/wp:paragraph --><!-- wp:paragraph --><\/p>\n<p><!-- \/wp:paragraph --><\/p>\t\t\t\t\t\t\t\t<\/div>\n\t\t\t\t\t<\/div>\n\t\t\t\t<\/div>\n\t\t\t\t<\/div>","protected":false},"excerpt":{"rendered":"<p>PRAVILA PRIVATNOSTI I UVJETI KORI\u0160TENJA Ovdje \u0107ete prona\u0107i uvjete kori\u0161tenja i pravila privatnosti koja se primjenjuju kada koristite na\u0161u web-stranicu na www.vivo.hr. Molimo Vas da pozorno pro\u010ditate uvjete prije nego po\u010dnete koristiti na\u0161u stranicu. Kori\u0161tenjem stranice prihva\u0107ate \u010dinjenicu da se sla\u017eete s pridr\u017eavanjem ovih pravila. 1. Podaci o Voditelju obrade Vivo grupa d.o.o., [Loza I [&hellip;]<\/p>","protected":false},"author":1,"featured_media":0,"parent":0,"menu_order":0,"comment_status":"closed","ping_status":"open","template":"elementor_header_footer","meta":{"footnotes":""},"class_list":["post-3","page","type-page","status-publish","hentry"],"_links":{"self":[{"href":"https:\/\/vivo.hr\/en\/wp-json\/wp\/v2\/pages\/3","targetHints":{"allow":["GET"]}}],"collection":[{"href":"https:\/\/vivo.hr\/en\/wp-json\/wp\/v2\/pages"}],"about":[{"href":"https:\/\/vivo.hr\/en\/wp-json\/wp\/v2\/types\/page"}],"author":[{"embeddable":true,"href":"https:\/\/vivo.hr\/en\/wp-json\/wp\/v2\/users\/1"}],"replies":[{"embeddable":true,"href":"https:\/\/vivo.hr\/en\/wp-json\/wp\/v2\/comments?post=3"}],"version-history":[{"count":13,"href":"https:\/\/vivo.hr\/en\/wp-json\/wp\/v2\/pages\/3\/revisions"}],"predecessor-version":[{"id":825,"href":"https:\/\/vivo.hr\/en\/wp-json\/wp\/v2\/pages\/3\/revisions\/825"}],"wp:attachment":[{"href":"https:\/\/vivo.hr\/en\/wp-json\/wp\/v2\/media?parent=3"}],"curies":[{"name":"wp","href":"https:\/\/api.w.org\/{rel}","templated":true}]}}